{"id":1825,"date":"2018-11-30T11:27:11","date_gmt":"2018-11-30T10:27:11","guid":{"rendered":"http:\/\/cdslsystem.com\/termini-e-condizioni-di-vendita\/"},"modified":"2019-03-12T11:09:26","modified_gmt":"2019-03-12T10:09:26","slug":"termini-e-condizioni-di-vendita","status":"publish","type":"page","link":"https:\/\/cdslsystem.com\/en\/termini-e-condizioni-di-vendita\/","title":{"rendered":"Termini e condizioni di vendita"},"content":{"rendered":"<p><strong>CONDIZIONI GENERALI DI VENDITA<\/strong><\/p>\n<p>Cdslsystem.com\u00a0 \u00e8 rivenditore ufficiale di tutti i prodotti presenti su questo sito. Cdslsystem.com\u00a0 garantisce che tutti i prodotti sono nuovi, originali e di fattura artigianale.<\/p>\n<p>Poniamo particolare cura nella soddisfazione del Cliente che rappresenta il valore pi\u00f9 importante per noi. Per qualsiasi esigenza potrai contattarci via e-mail all\u2019indirizzo info@cdslsystem.com o al numero\u00a0+393286219037.<\/p>\n<p>Cdslsystem.com\u00a0\u00e8 sottoposto alla legge italiana e da questa regolato. Per acquistare sul nostro sito devi essere maggiorenne, avere i requisiti per poter stipulare legalmente contratti vincolanti, avere un indirizzo e-mail valido.<\/p>\n<p>Prima di utilizzare il Sito e di procedere all\u2019acquisto ti consigliamo di prendere visione delle Condizioni Generali di Vendita.<\/p>\n<p><strong>Le parti del contratto vengono cos\u00ec definite:<\/strong><\/p>\n<ul>\n<li>Cdslsystem.com con Via Bachelet, 21, 73100 Lecce LE P.I.\/C.F. 04722680750<\/li>\n<li>Consumatore finale ossia il Cliente, una persona fisica che attraverso il sito www.cdslsystem.com ha portato a termine un ordine accettato da cdslsystem.com.<\/li>\n<\/ul>\n<p><strong>TERMINI E CONDIZIONI DI VENDITA CDSLSYSTEM.COM<\/strong><\/p>\n<p>Una volta effettuato l\u2019ordine e una volta accettato, riceverai da\u00a0www.cdslsystem.com\u00a0una mail automatica di conferma ricezione ordine nella quale verranno riepilogati tutti gli articoli. Prima di spedire gli articoli\u00a0www.cdslsystem.com verificher\u00e0 la disponibilit\u00e0 degli stessi e l\u2019esito del pagamento. Solo dopo aver verificato che il pagamento sia andato a buon fine\u00a0www.cdslsystem.comti invier\u00e0 una mail di accettazione dell\u2019ordine e l\u2019avvenuta spedizione del pacco.<\/p>\n<p>Gli articoli presenti su\u00a0www.cdslsystem.com sono solo prodotti disponibili in giacenza. Se per qualche mera ragione come ordini multipli o per mero errore del sistema l\u2019articolo dovesse rendersi non disponibile dopo l\u2019acquisto, l\u2019ordine verr\u00e0 considerato nullo e sar\u00e0 cura di\u00a0www.cdslsystem.com contattarti per stabilire nuovi tempi di consegna necessari per\u00a0realizzare la merce o per predisporre l\u2019immediato rimborso.<\/p>\n<p>Una volta inviato l\u2019ordine accetti incondizionatamente tutte le indicazioni contenute durante la procedura di acquisto e accetti integralmente\u00a0i Termini e Condizioni\u00a0di Vendita. cdslsystem.com si riserva il diritto di modificare in qualsiasi momento i\u00a0<strong>Termini e Condizioni di Vendita<\/strong>. Ogni modifica sar\u00e0 valida solo dopo la pubblicazione sul sito, per cui durante un ordine faranno fede le Condizioni Generali di Vendita gi\u00e0 in vigore durante l\u2019acquisto.<\/p>\n<p><strong>MODALITA\u2019 DI PAGAMENTO ACCETTATE<\/strong><\/p>\n<p>I pagamenti possono essere effettuati tramite procedura sicura con PayPal che garantisce la riservatezza dei dati sensibili del Cliente, tramite bonifico bancario anticipato. Destinatario del pagamento sar\u00e0 Evandro Marullo cdslsystem.com. societ\u00e0 che gestisce la piattaforma e-commerce ed i servizi finanziari per conto della societ\u00e0 Cdslsystem.com. Il contratto si intende comunque concluso tra il Cliente e Cdslsystem.com.<\/p>\n<p><strong>FATTURAZIONE<\/strong><\/p>\n<p>Cdslsystem.com emetter\u00e0 fattura al Cliente privato, al professionista o ad un\u2019azienda se questi inseriranno il proprio codice fiscale o la propria P.I. durante la procedura di acquisto. Se questo dato non verr\u00e0 inserito Cdslsystem.com non emetter\u00e0 fattura ma certificher\u00e0 il pagamento tramite scontrino fiscale. Durante la fase d\u2019ordine \u00e8 necessario indicare se l\u2019indirizzo di spedizione \u00e8 diverso da quello di fatturazione.<\/p>\n","protected":false},"excerpt":{"rendered":"<p>CONDIZIONI GENERALI DI VENDITA Cdslsystem.com\u00a0 \u00e8 rivenditore ufficiale di tutti i prodotti presenti su questo sito. Cdslsystem.com\u00a0 garantisce che tutti i prodotti sono nuovi, originali e di fattura artigianale. Poniamo particolare cura nella soddisfazione del Cliente che rappresenta il valore pi\u00f9 importante per noi. Per qualsiasi esigenza potrai contattarci via e-mail all\u2019indirizzo info@cdslsystem.com o al<\/p>\n","protected":false},"author":2,"featured_media":0,"parent":0,"menu_order":0,"comment_status":"closed","ping_status":"closed","template":"","meta":{"footnotes":""},"class_list":["post-1825","page","type-page","status-publish","hentry"],"_links":{"self":[{"href":"https:\/\/cdslsystem.com\/en\/wp-json\/wp\/v2\/pages\/1825\/"}],"collection":[{"href":"https:\/\/cdslsystem.com\/en\/wp-json\/wp\/v2\/pages\/"}],"about":[{"href":"https:\/\/cdslsystem.com\/en\/wp-json\/wp\/v2\/types\/page\/"}],"author":[{"embeddable":true,"href":"https:\/\/cdslsystem.com\/en\/wp-json\/wp\/v2\/users\/2\/"}],"replies":[{"embeddable":true,"href":"https:\/\/cdslsystem.com\/en\/wp-json\/wp\/v2\/comments\/?post=1825"}],"version-history":[{"count":2,"href":"https:\/\/cdslsystem.com\/en\/wp-json\/wp\/v2\/pages\/1825\/revisions\/"}],"predecessor-version":[{"id":1830,"href":"https:\/\/cdslsystem.com\/en\/wp-json\/wp\/v2\/pages\/1825\/revisions\/1830\/"}],"wp:attachment":[{"href":"https:\/\/cdslsystem.com\/en\/wp-json\/wp\/v2\/media\/?parent=1825"}],"curies":[{"name":"wp","href":"https:\/\/api.w.org\/{rel}","templated":true}]}}